{"id":1764,"date":"2025-10-08T11:29:48","date_gmt":"2025-10-08T11:29:48","guid":{"rendered":"https:\/\/sbrodpaean.com\/?page_id=1764"},"modified":"2025-10-30T06:36:07","modified_gmt":"2025-10-30T06:36:07","slug":"contatti","status":"publish","type":"page","link":"https:\/\/sbrodpaean.com\/?page_id=1764","title":{"rendered":"Contatti"},"content":{"rendered":"<p>Questo sito web \u00e8 di propriet\u00e0 di Sbrodpaean SRLs. Ci impegniamo a fornire informazioni pertinenti e utili ai nostri utenti.<\/p>\n<p>Nome della societ\u00e0: Sbrodpaean SRLs<br \/>\nIndirizzo legale: Corso Italia, 24, 28100 Novara NO, Italia<br \/>\nEmail: <a href=\"mailto:info@sbrodpaean.com\">info@sbrodpaean.com<\/a><br \/>\nTelefono: <a href=\"tel:+393711387873\">+393711387873<\/a><br \/>\nAmministratore delegato: Irma Baldi<br \/>\nNumero di registrazione: 1268376299<br \/>\nNome dell\u2019autorit\u00e0 di registrazione: Studio Legale Avv. Pietro Mittino<br \/>\nIndirizzo dell\u2019autorit\u00e0 di registrazione: Via del Carmine, 1a, 28100 Novara NO, Italia<\/p>\n<p><b>Responsabilit\u00e0 dei contenuti:<\/b><br \/>\nNon siamo responsabili del contenuto dei link a siti web di terzi che possono essere disponibili sul nostro sito. Ogni responsabilit\u00e0 per il contenuto di tali link ricade sui rispettivi proprietari. Non siamo responsabili di eventuali danni, diretti o indiretti, derivanti dall&#8217;uso delle informazioni fornite sul nostro sito.<\/p>\n<p><b>Copyright:<\/b><br \/>\nTutto il materiale presente sul nostro sito web, compresi testi, immagini, grafica, design e software, \u00e8 protetto da copyright. Ne \u00e8 vietato l&#8217;uso o la distribuzione senza l&#8217;autorizzazione del titolare del copyright.<\/p>\n<p><b>Informazioni di contatto:<\/b><br \/>\nIn caso di domande o commenti relativi al nostro sito web o alla nostra azienda, si prega di contattarci utilizzando le informazioni di contatto elencate sopra.<\/p>\n<p><b>Informativa sulla privacy:<\/b><br \/>\nRispettiamo la vostra privacy e proteggiamo le vostre informazioni personali. Per ulteriori informazioni, consultare la nostra politica sulla privacy.<\/p>\n","protected":false},"excerpt":{"rendered":"<p>Questo sito web \u00e8 di propriet\u00e0 di Sbrodpaean SRLs. Ci impegniamo a fornire informazioni pertinenti e utili ai nostri utenti. Nome della societ\u00e0: Sbrodpaean SRLs Indirizzo legale: Corso Italia, 24,&hellip;<\/p>\n","protected":false},"author":1,"featured_media":0,"parent":0,"menu_order":0,"comment_status":"closed","ping_status":"closed","template":"","meta":{"footnotes":""},"class_list":["post-1764","page","type-page","status-publish","hentry"],"_links":{"self":[{"href":"https:\/\/sbrodpaean.com\/index.php?rest_route=\/wp\/v2\/pages\/1764","targetHints":{"allow":["GET"]}}],"collection":[{"href":"https:\/\/sbrodpaean.com\/index.php?rest_route=\/wp\/v2\/pages"}],"about":[{"href":"https:\/\/sbrodpaean.com\/index.php?rest_route=\/wp\/v2\/types\/page"}],"author":[{"embeddable":true,"href":"https:\/\/sbrodpaean.com\/index.php?rest_route=\/wp\/v2\/users\/1"}],"replies":[{"embeddable":true,"href":"https:\/\/sbrodpaean.com\/index.php?rest_route=%2Fwp%2Fv2%2Fcomments&post=1764"}],"version-history":[{"count":2,"href":"https:\/\/sbrodpaean.com\/index.php?rest_route=\/wp\/v2\/pages\/1764\/revisions"}],"predecessor-version":[{"id":1816,"href":"https:\/\/sbrodpaean.com\/index.php?rest_route=\/wp\/v2\/pages\/1764\/revisions\/1816"}],"wp:attachment":[{"href":"https:\/\/sbrodpaean.com\/index.php?rest_route=%2Fwp%2Fv2%2Fmedia&parent=1764"}],"curies":[{"name":"wp","href":"https:\/\/api.w.org\/{rel}","templated":true}]}}